{"id":801,"date":"2024-06-26T19:47:09","date_gmt":"2024-06-26T19:47:09","guid":{"rendered":"https:\/\/antareslaestadia.com\/?page_id=801"},"modified":"2024-06-26T20:08:13","modified_gmt":"2024-06-26T20:08:13","slug":"aviso-de-privacidad","status":"publish","type":"page","link":"https:\/\/antareslaestadia.com\/?page_id=801","title":{"rendered":"Aviso de Privacidad"},"content":{"rendered":"\t\t<div data-elementor-type=\"wp-page\" data-elementor-id=\"801\" class=\"elementor elementor-801\" data-elementor-post-type=\"page\">\n\t\t\t\t<div class=\"elementor-element elementor-element-dac4c1b e-flex e-con-boxed wpr-particle-no wpr-jarallax-no wpr-parallax-no wpr-sticky-section-no wpr-equal-height-no e-con e-parent\" data-id=\"dac4c1b\" data-element_type=\"container\" data-e-type=\"container\">\n\t\t\t\t\t<div class=\"e-con-inner\">\n\t\t\t\t<div class=\"elementor-element elementor-element-318e3d2 elementor-widget elementor-widget-heading\" data-id=\"318e3d2\" data-element_type=\"widget\" data-e-type=\"widget\" data-widget_type=\"heading.default\">\n\t\t\t\t<div class=\"elementor-widget-container\">\n\t\t\t\t\t<h2 class=\"elementor-heading-title elementor-size-default\">Aviso de Privacidad<\/h2>\t\t\t\t<\/div>\n\t\t\t\t<\/div>\n\t\t\t\t<div class=\"elementor-element elementor-element-1c663c7 elementor-widget elementor-widget-text-editor\" data-id=\"1c663c7\" data-element_type=\"widget\" data-e-type=\"widget\" data-widget_type=\"text-editor.default\">\n\t\t\t\t<div class=\"elementor-widget-container\">\n\t\t\t\t\t\t\t\t\t<div data-id=\"139e462\" data-element_type=\"widget\" data-widget_type=\"wpr-post-title.default\"><div>\u00a0<\/div><\/div><div data-id=\"438c12b\" data-element_type=\"widget\" data-widget_type=\"wpr-post-content.default\"><div><div><div data-elementor-type=\"wp-page\" data-elementor-id=\"3\" data-elementor-post-type=\"page\"><div data-id=\"3b316891\" data-element_type=\"container\"><div><div data-id=\"21a74c1b\" data-element_type=\"widget\" data-widget_type=\"text-editor.default\"><div><p><strong>Aviso de Privacidad y Uso de Datos<\/strong><\/p><p><strong>Responsable de la protecci\u00f3n de tus datos personales<\/strong>: Antares la Estad\u00eda, con domicilio en Calz. de Los Llorones 74, La Estadia, 52930 Cdad. L\u00f3pez Mateos, M\u00e9x. es responsable del tratamiento de tus datos personales.<\/p><p><strong>Finalidad del tratamiento de datos personales<\/strong>: Los datos personales que recabamos de ti ser\u00e1n utilizados para las siguientes finalidades:<\/p><ol><li>Proveer los servicios y productos que has solicitado.<\/li><li>Informarte sobre cambios en nuestros productos o servicios.<\/li><li>Realizar estudios internos sobre h\u00e1bitos de consumo y preferencias.<\/li><li>Cumplir con obligaciones legales.<\/li><\/ol><p><strong>Datos personales recabados<\/strong>: Para llevar a cabo las finalidades descritas anteriormente, podr\u00edamos recabar los siguientes datos personales:<\/p><ol><li>Datos de identificaci\u00f3n: nombre completo, direcci\u00f3n, fecha de nacimiento, n\u00famero de tel\u00e9fono, correo electr\u00f3nico, etc.<\/li><li>Datos financieros: informaci\u00f3n de tarjetas de cr\u00e9dito o d\u00e9bito, historial crediticio, etc.<\/li><li>Datos laborales: ocupaci\u00f3n, cargo, lugar de trabajo, etc.<\/li><li>Datos de contacto: direcci\u00f3n postal, n\u00famero telef\u00f3nico, direcci\u00f3n de correo electr\u00f3nico, etc.<\/li><li>Datos de navegaci\u00f3n: informaci\u00f3n sobre c\u00f3mo interact\u00faas con nuestro sitio web o aplicaciones.<\/li><\/ol><p><strong>Transferencia de datos personales<\/strong>: Tus datos personales podr\u00e1n ser transferidos y tratados por personas distintas a Antares la Estad\u00eda, como empresas afiliadas, proveedores de servicios, entre otros, para cumplir con las finalidades descritas en este aviso de privacidad.<\/p><p><strong>Derechos ARCO<\/strong>: Tienes derecho a acceder, rectificar, cancelar u oponerte al tratamiento de tus datos personales, as\u00ed como a revocar el consentimiento que nos has otorgado para el tratamiento de los mismos, a trav\u00e9s de los procedimientos que hemos implementado. Para ello, puedes contactarnos a trav\u00e9s de los siguientes medios: contacto@antareslaestadia.com<\/p><p><strong>Cambios al aviso de privacidad<\/strong>: Nos reservamos el derecho de efectuar en cualquier momento modificaciones o actualizaciones al presente aviso de privacidad, para la atenci\u00f3n de novedades legislativas, pol\u00edticas internas o nuevos requerimientos para la prestaci\u00f3n u ofrecimiento de nuestros servicios o productos. Dichas modificaciones estar\u00e1n disponibles al p\u00fablico a trav\u00e9s de nuestro sitio web https:\/\/antareslaestadia.com<\/p><p><strong>Consentimiento<\/strong>: Al proporcionar tus datos personales a Antares la Estad\u00eda, manifiestas estar de acuerdo con el tratamiento de los mismos conforme a lo establecido en este aviso de privacidad.<\/p><p>Fecha de \u00faltima actualizaci\u00f3n: 21 Febrero 2024.<\/p><p>Te recomendamos revisar peri\u00f3dicamente este aviso de privacidad para estar al tanto de cualquier cambio o actualizaci\u00f3n que se realice.<\/p><\/div><\/div><\/div><\/div><\/div><\/div><\/div><\/div>\t\t\t\t\t\t\t\t<\/div>\n\t\t\t\t<\/div>\n\t\t\t\t\t<\/div>\n\t\t\t\t<\/div>\n\t\t\t\t<\/div>\n\t\t","protected":false},"excerpt":{"rendered":"<p>Aviso de Privacidad \u00a0 Aviso de Privacidad y Uso de Datos Responsable de la protecci\u00f3n de tus datos personales: Antares la Estad\u00eda, con domicilio en Calz.<span class=\"excerpt-hellip\"> [\u2026]<\/span><\/p>\n","protected":false},"author":2,"featured_media":0,"parent":0,"menu_order":0,"comment_status":"closed","ping_status":"closed","template":"","meta":{"footnotes":""},"class_list":["post-801","page","type-page","status-publish","hentry"],"_links":{"self":[{"href":"https:\/\/antareslaestadia.com\/index.php?rest_route=\/wp\/v2\/pages\/801","targetHints":{"allow":["GET"]}}],"collection":[{"href":"https:\/\/antareslaestadia.com\/index.php?rest_route=\/wp\/v2\/pages"}],"about":[{"href":"https:\/\/antareslaestadia.com\/index.php?rest_route=\/wp\/v2\/types\/page"}],"author":[{"embeddable":true,"href":"https:\/\/antareslaestadia.com\/index.php?rest_route=\/wp\/v2\/users\/2"}],"replies":[{"embeddable":true,"href":"https:\/\/antareslaestadia.com\/index.php?rest_route=%2Fwp%2Fv2%2Fcomments&post=801"}],"version-history":[{"count":19,"href":"https:\/\/antareslaestadia.com\/index.php?rest_route=\/wp\/v2\/pages\/801\/revisions"}],"predecessor-version":[{"id":821,"href":"https:\/\/antareslaestadia.com\/index.php?rest_route=\/wp\/v2\/pages\/801\/revisions\/821"}],"wp:attachment":[{"href":"https:\/\/antareslaestadia.com\/index.php?rest_route=%2Fwp%2Fv2%2Fmedia&parent=801"}],"curies":[{"name":"wp","href":"https:\/\/api.w.org\/{rel}","templated":true}]}}